{"id":3,"date":"2025-12-17T17:30:58","date_gmt":"2025-12-17T09:30:58","guid":{"rendered":"https:\/\/fullasmachine.com\/?page_id=3"},"modified":"2026-01-09T09:02:31","modified_gmt":"2026-01-09T01:02:31","slug":"privacy-policy","status":"publish","type":"page","link":"https:\/\/fullasmachine.com\/tr\/privacy-policy\/","title":{"rendered":"Gizlilik Politikas\u0131"},"content":{"rendered":"<h2 class=\"wp-block-heading\"><strong>Son g\u00fcncelleme Ocak 2026<\/strong><\/h2>\n\n\n\n<p>Fullas'a ho\u015f geldiniz (\u015fu adresten eri\u015filebilir <a href=\"https:\/\/fullasmachine.com\/tr\/?utm_source=chatgpt.com\">https:\/\/fullasmachine.com<\/a>). Gizlili\u011finize sayg\u0131 duyuyoruz ve bizimle payla\u015ft\u0131\u011f\u0131n\u0131z ki\u015fisel bilgileri korumay\u0131 taahh\u00fct ediyoruz. Bu Gizlilik Politikas\u0131, web sitemizi ziyaret etti\u011finizde veya i\u015fle ilgili sorular\u0131n\u0131z i\u00e7in bizimle ileti\u015fime ge\u00e7ti\u011finizde hangi bilgileri toplad\u0131\u011f\u0131m\u0131z\u0131, bunlar\u0131 nas\u0131l kulland\u0131\u011f\u0131m\u0131z\u0131 ve nas\u0131l korudu\u011fumuzu a\u00e7\u0131klamaktad\u0131r.<\/p>\n\n\n\n<p>Web sitemizi kullanarak, bu Gizlilik Politikas\u0131n\u0131n \u015fartlar\u0131n\u0131 kabul etmi\u015f olursunuz.<\/p>\n\n\n\n<h2 class=\"wp-block-heading\">1. Toplad\u0131\u011f\u0131m\u0131z Bilgiler<\/h2>\n\n\n\n<p>A\u015fa\u011f\u0131daki bilgi t\u00fcrlerini toplayabilir ve i\u015fleyebiliriz:<\/p>\n\n\n\n<p>A\u015fa\u011f\u0131dakiler dahil ancak bunlarla s\u0131n\u0131rl\u0131 olmamak \u00fczere g\u00f6n\u00fcll\u00fc olarak sa\u011flad\u0131\u011f\u0131n\u0131z Ki\u015fisel Bilgiler:<br>\u0130sim, \u015firket ad\u0131, e-posta adresi, telefon numaras\u0131, \u00fclke\/b\u00f6lge, \u00fcr\u00fcn ilgi alanlar\u0131 ve ileti\u015fim formlar\u0131, sorgulama formlar\u0131 veya e-posta ileti\u015fimleri arac\u0131l\u0131\u011f\u0131yla g\u00f6nderdi\u011finiz di\u011fer bilgiler.<\/p>\n\n\n\n<p>Web sitemizi ziyaret etti\u011finizde otomatik olarak toplanan bilgiler:<br>IP adresi, taray\u0131c\u0131 t\u00fcr\u00fc, cihaz t\u00fcr\u00fc, ziyaret edilen sayfalar, sayfalarda ge\u00e7irilen s\u00fcre, y\u00f6nlendirme kaynaklar\u0131 ve \u00e7erezler veya benzer teknolojiler arac\u0131l\u0131\u011f\u0131yla toplanan di\u011fer tan\u0131lama verileri.<\/p>\n\n\n\n<p>Kas\u0131tl\u0131 olarak 16 ya\u015f\u0131n alt\u0131ndaki \u00e7ocuklardan ki\u015fisel bilgi toplam\u0131yoruz.<\/p>\n\n\n\n<h2 class=\"wp-block-heading\">2. Bilgilerinizi Nas\u0131l Kullan\u0131yoruz<\/h2>\n\n\n\n<p>Toplad\u0131\u011f\u0131m\u0131z bilgiler a\u015fa\u011f\u0131daki ama\u00e7lar i\u00e7in kullan\u0131lmaktad\u0131r:<\/p>\n\n\n\n<p>Sorular\u0131n\u0131za, tekliflerinize ve i\u015f ileti\u015fimi taleplerinize yan\u0131t vermek i\u00e7in.<br>\u00dcr\u00fcn bilgisi, teknik destek ve takip hizmetleri sa\u011flamak.<br>Web sitemizin i\u00e7eri\u011fini, kullan\u0131c\u0131 deneyimini ve pazarlama etkinli\u011fini iyile\u015ftirmek i\u00e7in.<br>Analitik ara\u00e7lar\u0131 kullanarak web sitesi trafi\u011fini ve ziyaret\u00e7i davran\u0131\u015f\u0131n\u0131 analiz etmek.<br>Yasal y\u00fck\u00fcml\u00fcl\u00fcklere uymak ve doland\u0131r\u0131c\u0131l\u0131k faaliyetlerine kar\u015f\u0131 korumak.<\/p>\n\n\n\n<p>Ki\u015fisel bilgilerinizi \u00fc\u00e7\u00fcnc\u00fc taraflara satm\u0131yor, kiralam\u0131yor veya ticaretini yapm\u0131yoruz.<\/p>\n\n\n\n<h2 class=\"wp-block-heading\">3. \u00c7erezler ve \u0130zleme Teknolojileri<\/h2>\n\n\n\n<p>Web sitemiz, tarama deneyiminizi geli\u015ftirmek ve web sitesi performans\u0131n\u0131 analiz etmek i\u00e7in \u00e7erezleri ve benzer izleme teknolojilerini kullan\u0131r. \u00c7erezler a\u015fa\u011f\u0131daki gibi bilgileri toplayabilir:<\/p>\n\n\n\n<p>Taray\u0131c\u0131 t\u00fcr\u00fc ve s\u00fcr\u00fcm\u00fc<br>Ziyaret edilen sayfalar ve harcanan zaman<br>Y\u00f6nlendirme kaynaklar\u0131 ve navigasyon yollar\u0131<\/p>\n\n\n\n<p>Taray\u0131c\u0131 ayarlar\u0131n\u0131z arac\u0131l\u0131\u011f\u0131yla \u00e7erezleri devre d\u0131\u015f\u0131 b\u0131rakmay\u0131 se\u00e7ebilirsiniz. Ancak, \u00e7erezler devre d\u0131\u015f\u0131 b\u0131rak\u0131l\u0131rsa baz\u0131 web sitesi \u00f6zellikleri d\u00fczg\u00fcn \u00e7al\u0131\u015fmayabilir.<\/p>\n\n\n\n<h2 class=\"wp-block-heading\">4. \u00dc\u00e7\u00fcnc\u00fc Taraf Hizmetleri<\/h2>\n\n\n\n<p>Web sitesi i\u015fletimini ve pazarlamay\u0131 desteklemek i\u00e7in, bunlarla s\u0131n\u0131rl\u0131 olmamak \u00fczere, \u00fc\u00e7\u00fcnc\u00fc taraf hizmetleri kullanabiliriz:<\/p>\n\n\n\n<p>Web sitesi trafik analizi i\u00e7in Google Analytics<br>Facebook, LinkedIn ve YouTube gibi platformlardan g\u00f6m\u00fcl\u00fc sosyal medya i\u00e7eri\u011fi<br>Web sitesi bar\u0131nd\u0131rma ve g\u00fcvenlik hizmeti sa\u011flay\u0131c\u0131lar\u0131<\/p>\n\n\n\n<p>Bu \u00fc\u00e7\u00fcnc\u00fc taraf hizmetleri kendi gizlilik politikalar\u0131na g\u00f6re bilgi toplayabilir. \u00dc\u00e7\u00fcnc\u00fc taraflar\u0131n verilerinizi nas\u0131l toplad\u0131\u011f\u0131n\u0131 veya kulland\u0131\u011f\u0131n\u0131 kontrol etmiyoruz ve bunlardan sorumlu de\u011filiz.<\/p>\n\n\n\n<h2 class=\"wp-block-heading\">5. Veri G\u00fcvenli\u011fi<\/h2>\n\n\n\n<p>Ki\u015fisel bilgilerinizi yetkisiz eri\u015fim, if\u015fa, de\u011fi\u015ftirme veya imhaya kar\u015f\u0131 korumak i\u00e7in makul teknik ve organizasyonel \u00f6nlemler uyguluyoruz. Bununla birlikte, hi\u00e7bir internet iletimi veya elektronik depolama y\u00f6ntemi 100% g\u00fcvenli de\u011fildir ve mutlak g\u00fcvenli\u011fi garanti edemeyiz.<\/p>\n\n\n\n<p>Ki\u015fisel verilere yaln\u0131zca yetkili personel eri\u015febilir ve eri\u015fim i\u015f operasyonlar\u0131 i\u00e7in gerekli olanlarla s\u0131n\u0131rl\u0131d\u0131r.<\/p>\n\n\n\n<h2 class=\"wp-block-heading\">6. Veri Saklama<\/h2>\n\n\n\n<p>Ki\u015fisel bilgilerinizi, yasalar taraf\u0131ndan daha uzun bir saklama s\u00fcresi gerekmedi\u011fi veya izin verilmedi\u011fi s\u00fcrece, yaln\u0131zca bu Gizlilik Politikas\u0131nda a\u00e7\u0131klanan ama\u00e7lar\u0131 yerine getirmek i\u00e7in gerekli oldu\u011fu s\u00fcrece saklar\u0131z.<\/p>\n\n\n\n<p>Sorgu ve ileti\u015fim bilgileri, i\u015f ileti\u015fimi ve m\u00fc\u015fteri ili\u015fkileri y\u00f6netimi amac\u0131yla saklanabilir.<\/p>\n\n\n\n<h2 class=\"wp-block-heading\">7. Sizin Haklar\u0131n\u0131z<\/h2>\n\n\n\n<p>Bulundu\u011funuz yere ba\u011fl\u0131 olarak, ki\u015fisel verilerinizle ilgili olarak a\u015fa\u011f\u0131dakiler de dahil olmak \u00fczere belirli haklara sahip olabilirsiniz:<\/p>\n\n\n\n<p>Hakk\u0131n\u0131zda tuttu\u011fumuz ki\u015fisel bilgilere eri\u015fim hakk\u0131<br>Yanl\u0131\u015f veya eksik bilgilerin d\u00fczeltilmesini talep etme hakk\u0131<br>Yasal y\u00fck\u00fcml\u00fcl\u00fcklere tabi olarak ki\u015fisel verilerinizin silinmesini talep etme hakk\u0131<br>Belirli i\u015fleme faaliyetlerine itiraz etme veya bunlar\u0131 k\u0131s\u0131tlama hakk\u0131<\/p>\n\n\n\n<p>Haklar\u0131n\u0131z\u0131 kullanmak i\u00e7in l\u00fctfen a\u015fa\u011f\u0131da verilen bilgileri kullanarak bizimle ileti\u015fime ge\u00e7in.<\/p>\n\n\n\n<h2 class=\"wp-block-heading\">8. Uluslararas\u0131 Veri Aktar\u0131mlar\u0131<\/h2>\n\n\n\n<p>K\u00fcresel olarak faaliyet g\u00f6sterdi\u011fimiz i\u00e7in, bilgileriniz ikamet etti\u011finiz \u00fclke d\u0131\u015f\u0131ndaki \u00fclkelere aktar\u0131labilir ve bu \u00fclkelerde i\u015flenebilir. Bilgilerinizi g\u00f6ndererek, uygun g\u00fcvenlik \u00f6nlemlerine tabi olarak bu t\u00fcr uluslararas\u0131 veri aktar\u0131mlar\u0131na izin vermi\u015f olursunuz.<\/p>\n\n\n\n<h2 class=\"wp-block-heading\">9. Bu Gizlilik Politikas\u0131ndaki De\u011fi\u015fiklikler<\/h2>\n\n\n\n<p>Yasal gereklilikler, i\u015f uygulamalar\u0131 veya web sitesi i\u015flevselli\u011findeki de\u011fi\u015fiklikleri yans\u0131tmak i\u00e7in bu Gizlilik Politikas\u0131n\u0131 zaman zaman g\u00fcncelleyebiliriz. G\u00fcncellenen s\u00fcr\u00fcm, revize edilmi\u015f bir \u201cSon g\u00fcncelleme\u201d tarihi ile bu sayfada yay\u0131nlanacakt\u0131r.<\/p>\n\n\n\n<p>Bu sayfay\u0131 periyodik olarak g\u00f6zden ge\u00e7irmenizi \u00f6neririz.<\/p>\n\n\n\n<h2 class=\"wp-block-heading\">10. Bize Ula\u015f\u0131n<\/h2>\n\n\n\n<p>Bu Gizlilik Politikas\u0131 veya ki\u015fisel bilgilerinizi nas\u0131l ele ald\u0131\u011f\u0131m\u0131z hakk\u0131nda herhangi bir sorunuz varsa, l\u00fctfen web sitemiz arac\u0131l\u0131\u011f\u0131yla bizimle ileti\u015fime ge\u00e7in:<\/p>\n\n\n\n<p><a href=\"https:\/\/fullasmachine.com\/tr\/\">https:\/\/fullasmachine.com<\/a><\/p>","protected":false},"excerpt":{"rendered":"<p>Last updated: January 2026 Welcome to Fullas (accessible from https:\/\/fullasmachine.com). We respect your privacy and are committed to protecting the personal information you share with us. This Privacy Policy explains what information we collect, how we use it, and how we safeguard it when you visit our website or contact us for business inquiries. By&#8230;<\/p>","protected":false},"author":1,"featured_media":0,"parent":0,"menu_order":0,"comment_status":"closed","ping_status":"closed","template":"","meta":{"_kad_blocks_custom_css":"","_kad_blocks_head_custom_js":"","_kad_blocks_body_custom_js":"","_kad_blocks_footer_custom_js":"","_kadence_starter_templates_imported_post":false,"_kad_post_transparent":"","_kad_post_title":"","_kad_post_layout":"","_kad_post_sidebar_id":"","_kad_post_content_style":"","_kad_post_vertical_padding":"","_kad_post_feature":"","_kad_post_feature_position":"","_kad_post_header":false,"_kad_post_footer":false,"_kad_post_classname":"","footnotes":""},"class_list":["post-3","page","type-page","status-publish","hentry"],"taxonomy_info":[],"featured_image_src_large":false,"author_info":{"display_name":"FULLAS","author_link":"https:\/\/fullasmachine.com\/tr\/author\/fullas\/"},"comment_info":0,"_links":{"self":[{"href":"https:\/\/fullasmachine.com\/tr\/wp-json\/wp\/v2\/pages\/3","targetHints":{"allow":["GET"]}}],"collection":[{"href":"https:\/\/fullasmachine.com\/tr\/wp-json\/wp\/v2\/pages"}],"about":[{"href":"https:\/\/fullasmachine.com\/tr\/wp-json\/wp\/v2\/types\/page"}],"author":[{"embeddable":true,"href":"https:\/\/fullasmachine.com\/tr\/wp-json\/wp\/v2\/users\/1"}],"replies":[{"embeddable":true,"href":"https:\/\/fullasmachine.com\/tr\/wp-json\/wp\/v2\/comments?post=3"}],"version-history":[{"count":1,"href":"https:\/\/fullasmachine.com\/tr\/wp-json\/wp\/v2\/pages\/3\/revisions"}],"predecessor-version":[{"id":1917,"href":"https:\/\/fullasmachine.com\/tr\/wp-json\/wp\/v2\/pages\/3\/revisions\/1917"}],"wp:attachment":[{"href":"https:\/\/fullasmachine.com\/tr\/wp-json\/wp\/v2\/media?parent=3"}],"curies":[{"name":"wp","href":"https:\/\/api.w.org\/{rel}","templated":true}]}}