{"id":1921,"date":"2026-01-09T09:19:07","date_gmt":"2026-01-09T01:19:07","guid":{"rendered":"https:\/\/fullasmachine.com\/?page_id=1921"},"modified":"2026-01-09T09:19:07","modified_gmt":"2026-01-09T01:19:07","slug":"terms-of-use","status":"publish","type":"page","link":"https:\/\/fullasmachine.com\/tr\/terms-of-use\/","title":{"rendered":"Kullan\u0131m Ko\u015fullar\u0131"},"content":{"rendered":"<h2 class=\"wp-block-heading\"><strong>Son g\u00fcncelleme Ocak 2026<\/strong><\/h2>\n\n\n\n<p>Fullas'\u0131n \u015fu adresten eri\u015filebilen web sitesine ho\u015f geldiniz <a href=\"https:\/\/fullasmachine.com\/tr\/?utm_source=chatgpt.com\">https:\/\/fullasmachine.com<\/a>. Bu web sitesine eri\u015ferek veya kullanarak, a\u015fa\u011f\u0131daki Kullan\u0131m Ko\u015fullar\u0131na uymay\u0131 ve bunlara ba\u011fl\u0131 kalmay\u0131 kabul etmi\u015f olursunuz. Bu \u015fartlar\u0131n herhangi bir b\u00f6l\u00fcm\u00fcn\u00fc kabul etmiyorsan\u0131z, l\u00fctfen web sitemizi kullanmay\u0131n.<\/p>\n\n\n\n<p>Bu Kullan\u0131m Ko\u015fullar\u0131, web sitesine eri\u015fen veya web sitesini kullanan t\u00fcm ziyaret\u00e7iler, kullan\u0131c\u0131lar ve di\u011ferleri i\u00e7in ge\u00e7erlidir.<\/p>\n\n\n\n<h2 class=\"wp-block-heading\">Web Sitesi Kullan\u0131m\u0131<\/h2>\n\n\n\n<p>Bu web sitesi yaln\u0131zca genel bilgilendirme ve i\u015f ileti\u015fimi amac\u0131yla sunulmaktad\u0131r. \u00dcr\u00fcn a\u00e7\u0131klamalar\u0131, teknik \u00f6zellikler, resimler ve di\u011fer materyaller dahil olmak \u00fczere bu web sitesindeki i\u00e7erik, \u00fcr\u00fcnlerimiz ve hizmetlerimiz hakk\u0131nda genel bilgi sa\u011flamay\u0131 ama\u00e7lamaktad\u0131r ve ba\u011flay\u0131c\u0131 bir teklif, fiyat teklifi veya s\u00f6zle\u015fme te\u015fkil etmez.<\/p>\n\n\n\n<p>Bu web sitesini yaln\u0131zca yasal ama\u00e7lar i\u00e7in ve ba\u015fkalar\u0131n\u0131n haklar\u0131n\u0131 ihlal etmeyecek veya web sitesini kullan\u0131mlar\u0131n\u0131 k\u0131s\u0131tlamayacak veya engellemeyecek \u015fekilde kullanmay\u0131 kabul edersiniz.<\/p>\n\n\n\n<h2 class=\"wp-block-heading\">\u00dcr\u00fcn Bilgileri ve Sorular\u0131n\u0131z<\/h2>\n\n\n\n<p>Bu web sitesinde g\u00f6sterilen \u00fcr\u00fcn bilgileri \u00f6nceden haber verilmeksizin de\u011fi\u015ftirilebilir. Nihai \u00fcr\u00fcn \u00f6zellikleri, fiyatland\u0131rma, minimum sipari\u015f miktarlar\u0131, teslimat ko\u015fullar\u0131 ve \u00f6zelle\u015ftirme ayr\u0131nt\u0131lar\u0131 do\u011frudan ileti\u015fim ve yaz\u0131l\u0131 anla\u015fmalar yoluyla teyit edilecektir.<\/p>\n\n\n\n<p>Bir soru\u015fturma veya ileti\u015fim formu g\u00f6ndermek, sizinle Fullas aras\u0131nda herhangi bir s\u00f6zle\u015fme ili\u015fkisi olu\u015fturmaz. Herhangi bir sat\u0131n alma, tedarik veya i\u015fbirli\u011fi anla\u015fmas\u0131, ayr\u0131 olarak m\u00fczakere edilen ve imzalanan s\u00f6zle\u015fmelere tabi olacakt\u0131r.<\/p>\n\n\n\n<h2 class=\"wp-block-heading\">Fikri M\u00fclkiyet Haklar\u0131<\/h2>\n\n\n\n<p>Bu web sitesindeki metin, resim, grafik, logo, video, \u00fcr\u00fcn tasar\u0131mlar\u0131 ve d\u00fczen dahil ancak bunlarla s\u0131n\u0131rl\u0131 olmamak \u00fczere t\u00fcm i\u00e7erik Fullas'\u0131n veya i\u00e7erik tedarik\u00e7ilerinin m\u00fclkiyetindedir ve ge\u00e7erli fikri m\u00fclkiyet yasalar\u0131 taraf\u0131ndan korunmaktad\u0131r.<\/p>\n\n\n\n<p>Bu web sitesindeki i\u00e7eri\u011fi yaln\u0131zca ki\u015fisel veya dahili i\u015f referans\u0131 amac\u0131yla g\u00f6r\u00fcnt\u00fcleyebilir, indirebilir ve yazd\u0131rabilirsiniz. Fullas'\u0131n \u00f6nceden yaz\u0131l\u0131 izni olmadan herhangi bir i\u00e7eri\u011fi ticari ama\u00e7larla \u00e7o\u011faltamaz, da\u011f\u0131tamaz, de\u011fi\u015ftiremez, iletemez veya ba\u015fka bir \u015fekilde kullanamazs\u0131n\u0131z.<\/p>\n\n\n\n<h2 class=\"wp-block-heading\">Garantilerin Reddi<\/h2>\n\n\n\n<p>Bu web sitesi ve i\u00e7eri\u011fi \u201coldu\u011fu gibi\u201d ve \u201cmevcut oldu\u011fu \u015fekilde\u201d sa\u011flanmaktad\u0131r. Sa\u011flanan bilgilerin do\u011fru ve g\u00fcncel olmas\u0131n\u0131 sa\u011flamak i\u00e7in \u00e7aba g\u00f6stermekle birlikte, bilgilerin eksiksizli\u011fi, do\u011frulu\u011fu, g\u00fcvenilirli\u011fi veya belirli bir amaca uygunlu\u011fu konusunda hi\u00e7bir garanti veya beyanda bulunmuyoruz.<\/p>\n\n\n\n<p>Web sitesinin kesintisiz, g\u00fcvenli veya hatalardan, vir\u00fcslerden veya di\u011fer zararl\u0131 bile\u015fenlerden ar\u0131nm\u0131\u015f olaca\u011f\u0131n\u0131 garanti etmiyoruz.<\/p>\n\n\n\n<h2 class=\"wp-block-heading\">Sorumlulu\u011fun S\u0131n\u0131rland\u0131r\u0131lmas\u0131<\/h2>\n\n\n\n<p>Yasalar\u0131n izin verdi\u011fi azami \u00f6l\u00e7\u00fcde, Fullas, veri kayb\u0131, kar kayb\u0131 veya i\u015f kesintisi dahil ancak bunlarla s\u0131n\u0131rl\u0131 olmamak \u00fczere, bu web sitesini kullanman\u0131zdan veya kullanamaman\u0131zdan kaynaklanan veya bunlarla ba\u011flant\u0131l\u0131 olarak ortaya \u00e7\u0131kan do\u011frudan, dolayl\u0131, ar\u0131zi, sonu\u00e7 olarak ortaya \u00e7\u0131kan veya \u00f6zel zararlardan sorumlu olmayacakt\u0131r.<\/p>\n\n\n\n<p>Bu s\u0131n\u0131rlama, Fullas bu t\u00fcr zararlar\u0131n olas\u0131l\u0131\u011f\u0131 konusunda bilgilendirilmi\u015f olsa bile ge\u00e7erlidir.<\/p>\n\n\n\n<h2 class=\"wp-block-heading\">\u00dc\u00e7\u00fcnc\u00fc Taraf Ba\u011flant\u0131lar\u0131<\/h2>\n\n\n\n<p>Bu web sitesi, size kolayl\u0131k sa\u011flamak i\u00e7in \u00fc\u00e7\u00fcnc\u00fc taraf web sitelerine veya hizmetlerine ba\u011flant\u0131lar i\u00e7erebilir. Bu \u00fc\u00e7\u00fcnc\u00fc taraf siteleri bizim kontrol\u00fcm\u00fcz alt\u0131nda de\u011fildir ve i\u00e7eriklerinden, gizlilik uygulamalar\u0131ndan veya ticari faaliyetlerinden sorumlu de\u011filiz.<\/p>\n\n\n\n<p>\u00dc\u00e7\u00fcnc\u00fc taraf web sitelerine eri\u015fim riski size aittir ve ilgili \u015fartlar\u0131n\u0131 ve gizlilik politikalar\u0131n\u0131 g\u00f6zden ge\u00e7irmelisiniz.<\/p>\n\n\n\n<h2 class=\"wp-block-heading\">Veri Koruma ve Gizlilik<\/h2>\n\n\n\n<p>Bu web sitesini kullan\u0131m\u0131n\u0131z, ki\u015fisel verileri nas\u0131l toplay\u0131p i\u015fledi\u011fimizi ve \u00e7erezleri nas\u0131l kulland\u0131\u011f\u0131m\u0131z\u0131 a\u00e7\u0131klayan Gizlilik Politikam\u0131z ve \u00c7erez Politikam\u0131z taraf\u0131ndan da y\u00f6netilmektedir. Bu web sitesini kullanarak, bu politikalara uygun olarak bu t\u00fcr i\u015flemlere izin vermi\u015f olursunuz.<\/p>\n\n\n\n<h2 class=\"wp-block-heading\">Bu \u015eartlarda Yap\u0131lan De\u011fi\u015fiklikler<\/h2>\n\n\n\n<p>Bu Kullan\u0131m Ko\u015fullar\u0131n\u0131 \u00f6nceden haber vermeksizin diledi\u011fimiz zaman de\u011fi\u015ftirme veya g\u00fcncelleme hakk\u0131m\u0131z sakl\u0131d\u0131r. Herhangi bir de\u011fi\u015fiklik, yukar\u0131da belirtilen g\u00fcncelleme tarihi ile bu sayfada yay\u0131nland\u0131ktan hemen sonra y\u00fcr\u00fcrl\u00fc\u011fe girecektir.<\/p>\n\n\n\n<p>Herhangi bir de\u011fi\u015fiklikten sonra web sitesini kullanmaya devam etmeniz, revize edilmi\u015f \u015fartlar\u0131 kabul etti\u011finiz anlam\u0131na gelir.<\/p>\n\n\n\n<h2 class=\"wp-block-heading\">Ge\u00e7erli Hukuk ve Yarg\u0131 Yetkisi<\/h2>\n\n\n\n<p>Bu Kullan\u0131m Ko\u015fullar\u0131, kanunlar ihtilaf\u0131 ilkelerine bak\u0131lmaks\u0131z\u0131n \u00c7in Halk Cumhuriyeti kanunlar\u0131na g\u00f6re y\u00f6netilecek ve yorumlanacakt\u0131r. Bu \u015fartlardan veya bu web sitesinin kullan\u0131m\u0131ndan kaynaklanan veya bunlarla ilgili her t\u00fcrl\u00fc ihtilaf, \u00c7in'deki yetkili mahkemelerin m\u00fcnhas\u0131r yarg\u0131 yetkisine tabi olacakt\u0131r.<\/p>\n\n\n\n<h2 class=\"wp-block-heading\">\u0130leti\u015fim Bilgileri<\/h2>\n\n\n\n<p>Bu Kullan\u0131m Ko\u015fullar\u0131 ile ilgili herhangi bir sorunuz varsa, l\u00fctfen web sitemiz arac\u0131l\u0131\u011f\u0131yla bizimle ileti\u015fime ge\u00e7in:<\/p>\n\n\n\n<p><a href=\"https:\/\/fullasmachine.com\/tr\/\">https:\/\/fullasmachine.com<\/a><\/p>","protected":false},"excerpt":{"rendered":"<p>Last updated: January 2026 Welcome to the website of Fullas, accessible at https:\/\/fullasmachine.com. By accessing or using this website, you agree to comply with and be bound by the following Terms of Use. If you do not agree with any part of these terms, please do not use our website. These Terms of Use apply&#8230;<\/p>","protected":false},"author":1,"featured_media":0,"parent":0,"menu_order":0,"comment_status":"closed","ping_status":"closed","template":"","meta":{"_kad_blocks_custom_css":"","_kad_blocks_head_custom_js":"","_kad_blocks_body_custom_js":"","_kad_blocks_footer_custom_js":"","_kadence_starter_templates_imported_post":false,"_kad_post_transparent":"","_kad_post_title":"","_kad_post_layout":"","_kad_post_sidebar_id":"","_kad_post_content_style":"","_kad_post_vertical_padding":"","_kad_post_feature":"","_kad_post_feature_position":"","_kad_post_header":false,"_kad_post_footer":false,"_kad_post_classname":"","footnotes":""},"class_list":["post-1921","page","type-page","status-publish","hentry"],"taxonomy_info":[],"featured_image_src_large":false,"author_info":{"display_name":"FULLAS","author_link":"https:\/\/fullasmachine.com\/tr\/author\/fullas\/"},"comment_info":0,"_links":{"self":[{"href":"https:\/\/fullasmachine.com\/tr\/wp-json\/wp\/v2\/pages\/1921","targetHints":{"allow":["GET"]}}],"collection":[{"href":"https:\/\/fullasmachine.com\/tr\/wp-json\/wp\/v2\/pages"}],"about":[{"href":"https:\/\/fullasmachine.com\/tr\/wp-json\/wp\/v2\/types\/page"}],"author":[{"embeddable":true,"href":"https:\/\/fullasmachine.com\/tr\/wp-json\/wp\/v2\/users\/1"}],"replies":[{"embeddable":true,"href":"https:\/\/fullasmachine.com\/tr\/wp-json\/wp\/v2\/comments?post=1921"}],"version-history":[{"count":1,"href":"https:\/\/fullasmachine.com\/tr\/wp-json\/wp\/v2\/pages\/1921\/revisions"}],"predecessor-version":[{"id":1922,"href":"https:\/\/fullasmachine.com\/tr\/wp-json\/wp\/v2\/pages\/1921\/revisions\/1922"}],"wp:attachment":[{"href":"https:\/\/fullasmachine.com\/tr\/wp-json\/wp\/v2\/media?parent=1921"}],"curies":[{"name":"wp","href":"https:\/\/api.w.org\/{rel}","templated":true}]}}