{"id":1918,"date":"2026-01-09T09:07:56","date_gmt":"2026-01-09T01:07:56","guid":{"rendered":"https:\/\/fullasmachine.com\/?page_id=1918"},"modified":"2026-01-09T09:10:04","modified_gmt":"2026-01-09T01:10:04","slug":"cookie-policy","status":"publish","type":"page","link":"https:\/\/fullasmachine.com\/tr\/cookie-policy\/","title":{"rendered":"\u00c7erez Politikas\u0131"},"content":{"rendered":"<h2 class=\"wp-block-heading\"><strong>Son g\u00fcncelleme Ocak 2026<\/strong><\/h2>\n\n\n\n<p>Bu \u00c7erez Politikas\u0131, web sitemizi ziyaret etti\u011finizde Fullas'\u0131n (\u201cbiz\u201d, \u201cbize\u201d veya \u201cbizim\u201d) \u00e7erezleri ve benzer izleme teknolojilerini nas\u0131l kulland\u0131\u011f\u0131n\u0131 a\u00e7\u0131klar <a href=\"https:\/\/fullasmachine.com\/tr\/?utm_source=chatgpt.com\">https:\/\/fullasmachine.com<\/a>. Bu politika Gizlilik Politikam\u0131z ile birlikte okunmal\u0131d\u0131r.<\/p>\n\n\n\n<p>Web sitemize g\u00f6z atmaya veya kullanmaya devam ederek ve \u00e7erez onay ba\u015fl\u0131\u011f\u0131m\u0131z arac\u0131l\u0131\u011f\u0131yla \u00e7erezleri kabul ederek, taray\u0131c\u0131n\u0131z veya \u00e7erez ayarlar\u0131n\u0131z arac\u0131l\u0131\u011f\u0131yla devre d\u0131\u015f\u0131 b\u0131rakmad\u0131\u011f\u0131n\u0131z s\u00fcrece, \u00e7erezlerin bu politikada a\u00e7\u0131kland\u0131\u011f\u0131 \u015fekilde kullan\u0131lmas\u0131n\u0131 kabul etmi\u015f olursunuz.<\/p>\n\n\n\n<h2 class=\"wp-block-heading\">\u00c7erezler Nedir<\/h2>\n\n\n\n<p>\u00c7erezler, bir web sitesini ziyaret etti\u011finizde cihaz\u0131n\u0131za (bilgisayar, tablet veya cep telefonu) yerle\u015ftirilen k\u00fc\u00e7\u00fck metin dosyalar\u0131d\u0131r. \u00c7erezler, web sitelerinin d\u00fczg\u00fcn \u00e7al\u0131\u015fmas\u0131na yard\u0131mc\u0131 olur, performans\u0131 art\u0131r\u0131r ve web sitesi sahiplerine ziyaret\u00e7ilerin siteyi nas\u0131l kulland\u0131klar\u0131 hakk\u0131nda bilgi sa\u011flar.<\/p>\n\n\n\n<p>\u00c7erezler, taray\u0131c\u0131n\u0131z\u0131 kapatt\u0131\u011f\u0131n\u0131zda silinen \u201coturum \u00e7erezleri\u201d veya belirli bir s\u00fcre boyunca veya siz manuel olarak silene kadar cihaz\u0131n\u0131zda kalan \u201ckal\u0131c\u0131 \u00e7erezler\u201d olabilir.<\/p>\n\n\n\n<h2 class=\"wp-block-heading\">\u00c7erezleri Nas\u0131l Kullan\u0131yoruz<\/h2>\n\n\n\n<p>\u00c7erezleri, temel web sitesi i\u015flevselli\u011fini sa\u011flamak, web sitesi performans\u0131n\u0131 ve kullan\u0131labilirli\u011fini geli\u015ftirmek, i\u00e7eri\u011fi ve yap\u0131y\u0131 iyile\u015ftirmek i\u00e7in ziyaret\u00e7i davran\u0131\u015f\u0131n\u0131 analiz etmek ve pazarlama ve ileti\u015fim faaliyetlerini desteklemek dahil olmak \u00fczere web sitesinin \u00e7al\u0131\u015fmas\u0131 ve i\u015f ileti\u015fimi ile ilgili \u00e7e\u015fitli ama\u00e7lar i\u00e7in kullan\u0131r\u0131z.<\/p>\n\n\n\n<p>\u00c7erezler, hangi sayfalar\u0131n en s\u0131k ziyaret edildi\u011fini, kullan\u0131c\u0131lar\u0131n sitede nas\u0131l gezindi\u011fini ve teknik hatalar\u0131n olu\u015fup olu\u015fmad\u0131\u011f\u0131n\u0131 anlamam\u0131z\u0131 sa\u011flar. Bu bilgiler, i\u015f kullan\u0131c\u0131lar\u0131 ve potansiyel ortaklar i\u00e7in web sitesi deneyimini s\u00fcrekli olarak geli\u015ftirmemize yard\u0131mc\u0131 olur.<\/p>\n\n\n\n<h2 class=\"wp-block-heading\">Kulland\u0131\u011f\u0131m\u0131z \u00c7erez T\u00fcrleri<\/h2>\n\n\n\n<h3 class=\"wp-block-heading\">Gerekli \u00c7erezler<\/h3>\n\n\n\n<p>Bu \u00e7erezler web sitesinin d\u00fczg\u00fcn \u00e7al\u0131\u015fmas\u0131 i\u00e7in gereklidir ve sistemlerimiz arac\u0131l\u0131\u011f\u0131yla devre d\u0131\u015f\u0131 b\u0131rak\u0131lamaz. Genellikle gizlilik tercihlerini ayarlamak, form g\u00f6ndermek veya sitenin g\u00fcvenli alanlar\u0131na eri\u015fmek gibi sizin taraf\u0131n\u0131zdan yap\u0131lan i\u015flemlere yan\u0131t olarak ayarlan\u0131rlar. Bu \u00e7erezler olmadan baz\u0131 hizmetler ve i\u015flevler d\u00fczg\u00fcn \u00e7al\u0131\u015fmayabilir.<\/p>\n\n\n\n<h3 class=\"wp-block-heading\">Performans ve Analitik \u00c7erezleri<\/h3>\n\n\n\n<p>Bu \u00e7erezler, hangi sayfalar\u0131n ziyaret edildi\u011fi, kullan\u0131c\u0131lar\u0131n sitede ne kadar s\u00fcre kald\u0131\u011f\u0131 ve kullan\u0131c\u0131lar\u0131n hatalarla kar\u015f\u0131la\u015f\u0131p kar\u015f\u0131la\u015fmad\u0131\u011f\u0131 gibi ziyaret\u00e7ilerin web sitemizi nas\u0131l kulland\u0131klar\u0131 hakk\u0131nda bilgi toplar. Bu bilgileri web sitesi yap\u0131s\u0131n\u0131, i\u00e7erik alaka d\u00fczeyini ve genel performans\u0131 iyile\u015ftirmek i\u00e7in kullan\u0131r\u0131z. Bu \u00e7erezler, bireysel ziyaret\u00e7ileri do\u011frudan tan\u0131mlayan bilgiler toplamaz.<\/p>\n\n\n\n<p>Trafik ve kullan\u0131m e\u011filimlerini \u00f6l\u00e7memize yard\u0131mc\u0131 olmas\u0131 i\u00e7in Google Analytics gibi \u00fc\u00e7\u00fcnc\u00fc taraf analiz hizmetlerini kullanabiliriz.<\/p>\n\n\n\n<h3 class=\"wp-block-heading\">Fonksiyonel \u00c7erezler<\/h3>\n\n\n\n<p>\u0130\u015flevsel \u00e7erezler, daha ki\u015fiselle\u015ftirilmi\u015f ve tutarl\u0131 bir deneyim sa\u011flamak i\u00e7in web sitesinin dil tercihleri veya b\u00f6lge se\u00e7imi gibi yapt\u0131\u011f\u0131n\u0131z se\u00e7imleri hat\u0131rlamas\u0131n\u0131 sa\u011flar.<\/p>\n\n\n\n<h3 class=\"wp-block-heading\">Pazarlama ve \u00dc\u00e7\u00fcnc\u00fc Taraf \u00c7erezleri<\/h3>\n\n\n\n<p>Baz\u0131 durumlarda, g\u00f6m\u00fcl\u00fc videolar, sosyal medya i\u00e7eri\u011fi veya harici ara\u00e7lar dahil olmak \u00fczere sayfalar\u0131m\u0131zda g\u00f6r\u00fcnen \u00fc\u00e7\u00fcnc\u00fc taraf hizmetleri taraf\u0131ndan \u00e7erezler ayarlanabilir. Bu \u00fc\u00e7\u00fcnc\u00fc taraflar, kendi gizlilik politikalar\u0131na g\u00f6re tarama davran\u0131\u015f\u0131n\u0131z hakk\u0131nda veri toplayabilir.<\/p>\n\n\n\n<p>Facebook, LinkedIn ve YouTube gibi platformlar\u0131 g\u00f6m\u00fcl\u00fc i\u00e7erik g\u00f6r\u00fcnt\u00fclemek veya ileti\u015fim ve pazarlama faaliyetlerini desteklemek i\u00e7in kullanabiliriz. Bu t\u00fcr i\u00e7eriklerle etkile\u015fim, bu platformlar taraf\u0131ndan \u00e7erezlerin yerle\u015ftirilmesine neden olabilir.<\/p>\n\n\n\n<h2 class=\"wp-block-heading\">\u00c7erezleri Nas\u0131l Kontrol Edebilirsiniz?<\/h2>\n\n\n\n<p>\u00c7erezleri \u00e7e\u015fitli \u015fekillerde kontrol edebilir ve y\u00f6netebilirsiniz:<\/p>\n\n\n\n<p>\u00c7erez tercihlerinizi, varsa \u00e7erez onay ba\u015fl\u0131\u011f\u0131m\u0131z veya ayarlar panelimiz arac\u0131l\u0131\u011f\u0131yla de\u011fi\u015ftirebilirsiniz. Ayr\u0131ca taray\u0131c\u0131n\u0131z\u0131 istedi\u011finiz zaman \u00e7erezleri engelleyecek veya silecek \u015fekilde yap\u0131land\u0131rabilirsiniz. \u00c7o\u011fu taray\u0131c\u0131, ayarlar\u0131 arac\u0131l\u0131\u011f\u0131yla \u00e7erezleri reddetmenize veya mevcut \u00e7erezleri silmenize izin verir.<\/p>\n\n\n\n<p>Belirli \u00e7erezlerin devre d\u0131\u015f\u0131 b\u0131rak\u0131lmas\u0131n\u0131n web sitesinin i\u015flevselli\u011fini etkileyebilece\u011fini ve form g\u00f6nderimleri veya ki\u015fiselle\u015ftirilmi\u015f ayarlar dahil olmak \u00fczere baz\u0131 \u00f6zelliklere eri\u015fimi s\u0131n\u0131rlayabilece\u011fini l\u00fctfen unutmay\u0131n.<\/p>\n\n\n\n<p>\u00c7erezlerin nas\u0131l y\u00f6netilece\u011fi hakk\u0131nda daha fazla bilgi i\u00e7in taray\u0131c\u0131n\u0131z\u0131n yard\u0131m sayfalar\u0131n\u0131 veya a\u015fa\u011f\u0131daki gibi web sitelerini ziyaret edebilirsiniz <a>www.allaboutcookies.org<\/a>.<\/p>\n\n\n\n<h2 class=\"wp-block-heading\">\u0130\u015fleme i\u00e7in Yasal Dayanak (GDPR)<\/h2>\n\n\n\n<p>Avrupa Ekonomik Alan\u0131'nda (EEA) bulunan kullan\u0131c\u0131lar i\u00e7in, ki\u015fisel verilerin \u00e7erezler arac\u0131l\u0131\u011f\u0131yla i\u015flenmesine y\u00f6nelik yasal dayanak, kullan\u0131lan \u00e7erez kategorisine ba\u011fl\u0131d\u0131r. Gerekli \u00e7erezler, i\u015flevsel bir web sitesi sa\u011flamadaki me\u015fru menfaatlere dayal\u0131 olarak i\u015flenir. Performans, i\u015flevsel ve pazarlama \u00e7erezleri, \u00e7erez ayarlar\u0131 veya taray\u0131c\u0131 kontrolleri arac\u0131l\u0131\u011f\u0131yla istedi\u011finiz zaman geri \u00e7ekebilece\u011finiz izninize dayal\u0131 olarak i\u015flenir.<\/p>\n\n\n\n<h2 class=\"wp-block-heading\">\u00c7erezler Arac\u0131l\u0131\u011f\u0131yla Toplanan Veriler<\/h2>\n\n\n\n<p>\u00c7erezler IP adresi (uygulanabilir oldu\u011funda anonimle\u015ftirilmi\u015f), taray\u0131c\u0131 t\u00fcr\u00fc, i\u015fletim sistemi, ziyaret edilen sayfalar, y\u00f6nlendirme kaynaklar\u0131 ve web sitesinde ge\u00e7irilen s\u00fcre gibi bilgileri toplayabilir. Bu veriler yaln\u0131zca analitik ve operasyonel ama\u00e7lar i\u00e7in kullan\u0131l\u0131r ve a\u00e7\u0131k onay olmadan pazarlama i\u00e7in bireysel kullan\u0131c\u0131lar\u0131 do\u011frudan tan\u0131mlamak i\u00e7in kullan\u0131lmaz.<\/p>\n\n\n\n<h2 class=\"wp-block-heading\">Bu \u00c7erez Politikas\u0131ndaki G\u00fcncellemeler<\/h2>\n\n\n\n<p>Teknolojideki, yasal gerekliliklerdeki veya web sitesi uygulamalar\u0131ndaki de\u011fi\u015fiklikleri yans\u0131tmak i\u00e7in bu \u00c7erez Politikas\u0131n\u0131 zaman zaman g\u00fcncelleyebiliriz. T\u00fcm g\u00fcncellemeler, revize edilmi\u015f bir \u201cSon g\u00fcncelleme\u201d tarihi ile bu sayfada yay\u0131nlanacakt\u0131r.<\/p>\n\n\n\n<p>\u00c7erezleri nas\u0131l kulland\u0131\u011f\u0131m\u0131z hakk\u0131nda bilgi sahibi olmak i\u00e7in bu sayfay\u0131 periyodik olarak g\u00f6zden ge\u00e7irmenizi \u00f6neririz.<\/p>\n\n\n\n<h2 class=\"wp-block-heading\">\u0130leti\u015fim Bilgileri<\/h2>\n\n\n\n<p>Bu \u00c7erez Politikas\u0131 veya \u00e7erez kullan\u0131m\u0131m\u0131z hakk\u0131nda herhangi bir sorunuz varsa, l\u00fctfen web sitemiz arac\u0131l\u0131\u011f\u0131yla bizimle ileti\u015fime ge\u00e7in:<\/p>\n\n\n\n<p><a href=\"https:\/\/fullasmachine.com\/tr\/\">https:\/\/fullasmachine.com<\/a><\/p>","protected":false},"excerpt":{"rendered":"<p>Last updated: January 2026 This Cookie Policy explains how Fullas (\u201cwe\u201d, \u201cus\u201d, or \u201cour\u201d) uses cookies and similar tracking technologies when you visit our website at https:\/\/fullasmachine.com. This policy should be read together with our Privacy Policy. By continuing to browse or use our website, and by accepting cookies through our cookie consent banner, you&#8230;<\/p>","protected":false},"author":1,"featured_media":0,"parent":0,"menu_order":0,"comment_status":"closed","ping_status":"closed","template":"","meta":{"_kad_blocks_custom_css":"","_kad_blocks_head_custom_js":"","_kad_blocks_body_custom_js":"","_kad_blocks_footer_custom_js":"","_kadence_starter_templates_imported_post":false,"_kad_post_transparent":"","_kad_post_title":"","_kad_post_layout":"","_kad_post_sidebar_id":"","_kad_post_content_style":"","_kad_post_vertical_padding":"","_kad_post_feature":"","_kad_post_feature_position":"","_kad_post_header":false,"_kad_post_footer":false,"_kad_post_classname":"","footnotes":""},"class_list":["post-1918","page","type-page","status-publish","hentry"],"taxonomy_info":[],"featured_image_src_large":false,"author_info":{"display_name":"FULLAS","author_link":"https:\/\/fullasmachine.com\/tr\/author\/fullas\/"},"comment_info":0,"_links":{"self":[{"href":"https:\/\/fullasmachine.com\/tr\/wp-json\/wp\/v2\/pages\/1918","targetHints":{"allow":["GET"]}}],"collection":[{"href":"https:\/\/fullasmachine.com\/tr\/wp-json\/wp\/v2\/pages"}],"about":[{"href":"https:\/\/fullasmachine.com\/tr\/wp-json\/wp\/v2\/types\/page"}],"author":[{"embeddable":true,"href":"https:\/\/fullasmachine.com\/tr\/wp-json\/wp\/v2\/users\/1"}],"replies":[{"embeddable":true,"href":"https:\/\/fullasmachine.com\/tr\/wp-json\/wp\/v2\/comments?post=1918"}],"version-history":[{"count":1,"href":"https:\/\/fullasmachine.com\/tr\/wp-json\/wp\/v2\/pages\/1918\/revisions"}],"predecessor-version":[{"id":1919,"href":"https:\/\/fullasmachine.com\/tr\/wp-json\/wp\/v2\/pages\/1918\/revisions\/1919"}],"wp:attachment":[{"href":"https:\/\/fullasmachine.com\/tr\/wp-json\/wp\/v2\/media?parent=1918"}],"curies":[{"name":"wp","href":"https:\/\/api.w.org\/{rel}","templated":true}]}}