{"id":1918,"date":"2026-01-09T09:07:56","date_gmt":"2026-01-09T01:07:56","guid":{"rendered":"https:\/\/fullasmachine.com\/?page_id=1918"},"modified":"2026-01-09T09:10:04","modified_gmt":"2026-01-09T01:10:04","slug":"cookie-policy","status":"publish","type":"page","link":"https:\/\/fullasmachine.com\/pt\/cookie-policy\/","title":{"rendered":"Pol\u00edtica de cookies"},"content":{"rendered":"<h2 class=\"wp-block-heading\"><strong>\u00daltima atualiza\u00e7\u00e3o: janeiro de 2026<\/strong><\/h2>\n\n\n\n<p>Esta Pol\u00edtica de Cookies explica como a Fullas (\u201cn\u00f3s\u201d, \u201cnos\u201d ou \u201cnosso\u201d) utiliza cookies e tecnologias de rastreio semelhantes quando visita o nosso s\u00edtio Web em <a href=\"https:\/\/fullasmachine.com\/pt\/?utm_source=chatgpt.com\">https:\/\/fullasmachine.com<\/a>. Esta pol\u00edtica deve ser lida em conjunto com a nossa Pol\u00edtica de Privacidade.<\/p>\n\n\n\n<p>Ao continuar a navegar ou a utilizar o nosso s\u00edtio Web e ao aceitar os cookies atrav\u00e9s do nosso banner de consentimento de cookies, o utilizador concorda com a utiliza\u00e7\u00e3o de cookies conforme descrito na presente pol\u00edtica, a menos que os tenha desativado atrav\u00e9s do seu browser ou das defini\u00e7\u00f5es de cookies.<\/p>\n\n\n\n<h2 class=\"wp-block-heading\">O que s\u00e3o cookies<\/h2>\n\n\n\n<p>Os cookies s\u00e3o pequenos ficheiros de texto que s\u00e3o colocados no seu dispositivo (computador, tablet ou telem\u00f3vel) quando visita um s\u00edtio Web. Os cookies ajudam os s\u00edtios Web a funcionar corretamente, melhoram o desempenho e fornecem informa\u00e7\u00f5es aos propriet\u00e1rios dos s\u00edtios Web sobre a forma como os visitantes utilizam o s\u00edtio.<\/p>\n\n\n\n<p>Os cookies podem ser \u201ccookies de sess\u00e3o\u201d que s\u00e3o eliminados quando fecha o seu browser, ou \u201ccookies persistentes\u201d que permanecem no seu dispositivo durante um determinado per\u00edodo de tempo ou at\u00e9 os eliminar manualmente.<\/p>\n\n\n\n<h2 class=\"wp-block-heading\">Como utilizamos os cookies<\/h2>\n\n\n\n<p>Utilizamos cookies para v\u00e1rios fins relacionados com o funcionamento do s\u00edtio Web e a comunica\u00e7\u00e3o comercial, incluindo a garantia da funcionalidade b\u00e1sica do s\u00edtio Web, a melhoria do desempenho e da usabilidade do s\u00edtio Web, a an\u00e1lise do comportamento dos visitantes para melhorar o conte\u00fado e a estrutura e o apoio a actividades de marketing e comunica\u00e7\u00e3o.<\/p>\n\n\n\n<p>Os cookies permitem-nos compreender quais as p\u00e1ginas visitadas com maior frequ\u00eancia, como os utilizadores navegam no s\u00edtio e se ocorrem erros t\u00e9cnicos. Estas informa\u00e7\u00f5es ajudam-nos a melhorar continuamente a experi\u00eancia do s\u00edtio Web para os utilizadores profissionais e potenciais parceiros.<\/p>\n\n\n\n<h2 class=\"wp-block-heading\">Tipos de cookies que utilizamos<\/h2>\n\n\n\n<h3 class=\"wp-block-heading\">Cookies necess\u00e1rios<\/h3>\n\n\n\n<p>Estes cookies s\u00e3o essenciais para que o s\u00edtio Web funcione corretamente e n\u00e3o podem ser desactivados atrav\u00e9s dos nossos sistemas. S\u00e3o normalmente definidos em resposta a ac\u00e7\u00f5es realizadas pelo utilizador, como a defini\u00e7\u00e3o de prefer\u00eancias de privacidade, a apresenta\u00e7\u00e3o de formul\u00e1rios ou o acesso a \u00e1reas seguras do s\u00edtio. Sem estes cookies, alguns servi\u00e7os e fun\u00e7\u00f5es podem n\u00e3o funcionar corretamente.<\/p>\n\n\n\n<h3 class=\"wp-block-heading\">Cookies de desempenho e anal\u00edticos<\/h3>\n\n\n\n<p>Estes cookies recolhem informa\u00e7\u00f5es sobre a forma como os visitantes utilizam o nosso s\u00edtio Web, tais como as p\u00e1ginas que s\u00e3o visitadas, o tempo que os utilizadores permanecem no s\u00edtio e se os utilizadores encontram erros. Utilizamos estas informa\u00e7\u00f5es para melhorar a estrutura do s\u00edtio Web, a relev\u00e2ncia dos conte\u00fados e o desempenho geral. Estes cookies n\u00e3o recolhem informa\u00e7\u00f5es que identifiquem diretamente os visitantes individuais.<\/p>\n\n\n\n<p>Podemos utilizar servi\u00e7os de an\u00e1lise de terceiros, como o Google Analytics, para nos ajudar a medir o tr\u00e1fego e as tend\u00eancias de utiliza\u00e7\u00e3o.<\/p>\n\n\n\n<h3 class=\"wp-block-heading\">Cookies funcionais<\/h3>\n\n\n\n<p>Os cookies funcionais permitem que o s\u00edtio Web se lembre das escolhas que faz, como as prefer\u00eancias de idioma ou a sele\u00e7\u00e3o da regi\u00e3o, para proporcionar uma experi\u00eancia mais personalizada e consistente.<\/p>\n\n\n\n<h3 class=\"wp-block-heading\">Cookies de marketing e de terceiros<\/h3>\n\n\n\n<p>Em alguns casos, os cookies podem ser definidos por servi\u00e7os de terceiros que aparecem nas nossas p\u00e1ginas, incluindo v\u00eddeos incorporados, conte\u00fados de redes sociais ou ferramentas externas. Estes terceiros podem recolher dados sobre o seu comportamento de navega\u00e7\u00e3o de acordo com as suas pr\u00f3prias pol\u00edticas de privacidade.<\/p>\n\n\n\n<p>Podemos utilizar plataformas como o Facebook, o LinkedIn e o YouTube para apresentar conte\u00fados incorporados ou apoiar actividades de comunica\u00e7\u00e3o e marketing. A intera\u00e7\u00e3o com esses conte\u00fados pode resultar na coloca\u00e7\u00e3o de cookies por estas plataformas.<\/p>\n\n\n\n<h2 class=\"wp-block-heading\">Como pode controlar os cookies<\/h2>\n\n\n\n<p>O utilizador pode controlar e gerir os cookies de v\u00e1rias formas:<\/p>\n\n\n\n<p>O utilizador pode alterar as suas prefer\u00eancias de cookies atrav\u00e9s do nosso banner de consentimento de cookies ou do painel de defini\u00e7\u00f5es, quando dispon\u00edvel. Tamb\u00e9m pode configurar o seu browser para bloquear ou eliminar cookies em qualquer altura. A maioria dos browsers permite-lhe recusar cookies ou eliminar cookies existentes atrav\u00e9s das suas defini\u00e7\u00f5es.<\/p>\n\n\n\n<p>Tenha em aten\u00e7\u00e3o que a desativa\u00e7\u00e3o de determinados cookies pode afetar a funcionalidade do s\u00edtio Web e limitar o acesso a algumas funcionalidades, incluindo o envio de formul\u00e1rios ou defini\u00e7\u00f5es personalizadas.<\/p>\n\n\n\n<p>Para mais informa\u00e7\u00f5es sobre como gerir os cookies, pode visitar as p\u00e1ginas de ajuda do seu browser ou s\u00edtios Web como <a>www.allaboutcookies.org<\/a>.<\/p>\n\n\n\n<h2 class=\"wp-block-heading\">Base legal para o processamento (GDPR)<\/h2>\n\n\n\n<p>Para os utilizadores localizados no Espa\u00e7o Econ\u00f3mico Europeu (EEE), a base jur\u00eddica para o tratamento de dados pessoais atrav\u00e9s de cookies depende da categoria de cookies utilizada. Os cookies necess\u00e1rios s\u00e3o processados com base em interesses leg\u00edtimos para fornecer um s\u00edtio Web funcional. Os cookies de desempenho, funcionais e de marketing s\u00e3o processados com base no consentimento do utilizador, que pode retirar a qualquer momento atrav\u00e9s das defini\u00e7\u00f5es de cookies ou dos controlos do browser.<\/p>\n\n\n\n<h2 class=\"wp-block-heading\">Dados recolhidos atrav\u00e9s de cookies<\/h2>\n\n\n\n<p>Os cookies podem recolher informa\u00e7\u00f5es como o endere\u00e7o IP (anonimizado quando aplic\u00e1vel), o tipo de browser, o sistema operativo, as p\u00e1ginas visitadas, as fontes de refer\u00eancia e o tempo passado no s\u00edtio Web. Estes dados s\u00e3o utilizados apenas para fins anal\u00edticos e operacionais e n\u00e3o s\u00e3o utilizados para identificar diretamente utilizadores individuais para fins de marketing sem consentimento expl\u00edcito.<\/p>\n\n\n\n<h2 class=\"wp-block-heading\">Actualiza\u00e7\u00f5es a esta Pol\u00edtica de Cookies<\/h2>\n\n\n\n<p>Poderemos atualizar esta Pol\u00edtica de Cookies periodicamente para refletir altera\u00e7\u00f5es tecnol\u00f3gicas, requisitos legais ou pr\u00e1ticas do s\u00edtio Web. Quaisquer actualiza\u00e7\u00f5es ser\u00e3o publicadas nesta p\u00e1gina com uma data revista de \u201c\u00daltima atualiza\u00e7\u00e3o\u201d.<\/p>\n\n\n\n<p>Recomendamos que reveja esta p\u00e1gina periodicamente para se manter informado sobre a forma como utilizamos os cookies.<\/p>\n\n\n\n<h2 class=\"wp-block-heading\">Informa\u00e7\u00f5es de contacto<\/h2>\n\n\n\n<p>Se tiver alguma d\u00favida sobre esta Pol\u00edtica de Cookies ou sobre a nossa utiliza\u00e7\u00e3o de cookies, contacte-nos atrav\u00e9s do nosso s\u00edtio Web:<\/p>\n\n\n\n<p><a href=\"https:\/\/fullasmachine.com\/pt\/\">https:\/\/fullasmachine.com<\/a><\/p>","protected":false},"excerpt":{"rendered":"<p>Last updated: January 2026 This Cookie Policy explains how Fullas (\u201cwe\u201d, \u201cus\u201d, or \u201cour\u201d) uses cookies and similar tracking technologies when you visit our website at https:\/\/fullasmachine.com. This policy should be read together with our Privacy Policy. By continuing to browse or use our website, and by accepting cookies through our cookie consent banner, you&#8230;<\/p>","protected":false},"author":1,"featured_media":0,"parent":0,"menu_order":0,"comment_status":"closed","ping_status":"closed","template":"","meta":{"_kad_blocks_custom_css":"","_kad_blocks_head_custom_js":"","_kad_blocks_body_custom_js":"","_kad_blocks_footer_custom_js":"","_kadence_starter_templates_imported_post":false,"_kad_post_transparent":"","_kad_post_title":"","_kad_post_layout":"","_kad_post_sidebar_id":"","_kad_post_content_style":"","_kad_post_vertical_padding":"","_kad_post_feature":"","_kad_post_feature_position":"","_kad_post_header":false,"_kad_post_footer":false,"_kad_post_classname":"","footnotes":""},"class_list":["post-1918","page","type-page","status-publish","hentry"],"taxonomy_info":[],"featured_image_src_large":false,"author_info":{"display_name":"FULLAS","author_link":"https:\/\/fullasmachine.com\/pt\/author\/fullas\/"},"comment_info":0,"_links":{"self":[{"href":"https:\/\/fullasmachine.com\/pt\/wp-json\/wp\/v2\/pages\/1918","targetHints":{"allow":["GET"]}}],"collection":[{"href":"https:\/\/fullasmachine.com\/pt\/wp-json\/wp\/v2\/pages"}],"about":[{"href":"https:\/\/fullasmachine.com\/pt\/wp-json\/wp\/v2\/types\/page"}],"author":[{"embeddable":true,"href":"https:\/\/fullasmachine.com\/pt\/wp-json\/wp\/v2\/users\/1"}],"replies":[{"embeddable":true,"href":"https:\/\/fullasmachine.com\/pt\/wp-json\/wp\/v2\/comments?post=1918"}],"version-history":[{"count":1,"href":"https:\/\/fullasmachine.com\/pt\/wp-json\/wp\/v2\/pages\/1918\/revisions"}],"predecessor-version":[{"id":1919,"href":"https:\/\/fullasmachine.com\/pt\/wp-json\/wp\/v2\/pages\/1918\/revisions\/1919"}],"wp:attachment":[{"href":"https:\/\/fullasmachine.com\/pt\/wp-json\/wp\/v2\/media?parent=1918"}],"curies":[{"name":"wp","href":"https:\/\/api.w.org\/{rel}","templated":true}]}}