{"id":1918,"date":"2026-01-09T09:07:56","date_gmt":"2026-01-09T01:07:56","guid":{"rendered":"https:\/\/fullasmachine.com\/?page_id=1918"},"modified":"2026-01-09T09:10:04","modified_gmt":"2026-01-09T01:10:04","slug":"cookie-policy","status":"publish","type":"page","link":"https:\/\/fullasmachine.com\/de\/cookie-policy\/","title":{"rendered":"Cookie-Richtlinie"},"content":{"rendered":"<h2 class=\"wp-block-heading\"><strong>Zuletzt aktualisiert: Januar 2026<\/strong><\/h2>\n\n\n\n<p>Diese Cookie-Richtlinie erkl\u00e4rt, wie Fullas (\u201cwir\u201d, \u201cuns\u201d oder \u201cunser\u201d) Cookies und \u00e4hnliche Tracking-Technologien verwendet, wenn Sie unsere Website unter <a href=\"https:\/\/fullasmachine.com\/de\/?utm_source=chatgpt.com\">https:\/\/fullasmachine.com<\/a>. Diese Richtlinie sollte zusammen mit unserer Datenschutzrichtlinie gelesen werden.<\/p>\n\n\n\n<p>Wenn Sie auf unserer Website weitersurfen oder sie nutzen und Cookies \u00fcber unser Cookie-Zustimmungsbanner akzeptieren, stimmen Sie der Verwendung von Cookies wie in dieser Richtlinie beschrieben zu, es sei denn, Sie haben sie \u00fcber Ihren Browser oder Ihre Cookie-Einstellungen deaktiviert.<\/p>\n\n\n\n<h2 class=\"wp-block-heading\">Was sind Cookies?<\/h2>\n\n\n\n<p>Cookies sind kleine Textdateien, die auf Ihrem Ger\u00e4t (Computer, Tablet oder Mobiltelefon) gespeichert werden, wenn Sie eine Website besuchen. Cookies helfen Websites, ordnungsgem\u00e4\u00df zu funktionieren, die Leistung zu verbessern und den Website-Betreibern Informationen dar\u00fcber zu liefern, wie Besucher die Website nutzen.<\/p>\n\n\n\n<p>Bei den Cookies kann es sich um \u201cSitzungscookies\u201d handeln, die gel\u00f6scht werden, wenn Sie Ihren Browser schlie\u00dfen, oder um \u201cdauerhafte Cookies\u201d, die f\u00fcr einen bestimmten Zeitraum oder bis Sie sie manuell l\u00f6schen auf Ihrem Ger\u00e4t verbleiben.<\/p>\n\n\n\n<h2 class=\"wp-block-heading\">Wie wir Cookies verwenden<\/h2>\n\n\n\n<p>Wir verwenden Cookies f\u00fcr verschiedene Zwecke im Zusammenhang mit dem Betrieb der Website und der gesch\u00e4ftlichen Kommunikation, einschlie\u00dflich der Sicherstellung grundlegender Website-Funktionen, der Verbesserung der Website-Leistung und der Benutzerfreundlichkeit, der Analyse des Besucherverhaltens zur Verbesserung von Inhalt und Struktur sowie zur Unterst\u00fctzung von Marketing- und Kommunikationsaktivit\u00e4ten.<\/p>\n\n\n\n<p>Mit Hilfe von Cookies k\u00f6nnen wir nachvollziehen, welche Seiten am h\u00e4ufigsten besucht werden, wie die Nutzer durch die Website navigieren und ob technische Fehler auftreten. Diese Informationen helfen uns, die Website f\u00fcr Gesch\u00e4ftskunden und potenzielle Partner kontinuierlich zu verbessern.<\/p>\n\n\n\n<h2 class=\"wp-block-heading\">Arten von Cookies, die wir verwenden<\/h2>\n\n\n\n<h3 class=\"wp-block-heading\">Erforderliche Cookies<\/h3>\n\n\n\n<p>Diese Cookies sind f\u00fcr das ordnungsgem\u00e4\u00dfe Funktionieren der Website unerl\u00e4sslich und k\u00f6nnen \u00fcber unsere Systeme nicht deaktiviert werden. Sie werden in der Regel als Reaktion auf von Ihnen durchgef\u00fchrte Aktionen gesetzt, z. B. beim Einstellen der Datenschutzeinstellungen, beim Absenden von Formularen oder beim Zugriff auf sichere Bereiche der Website. Ohne diese Cookies funktionieren einige Dienste und Funktionen m\u00f6glicherweise nicht richtig.<\/p>\n\n\n\n<h3 class=\"wp-block-heading\">Leistungs- und Analyse-Cookies<\/h3>\n\n\n\n<p>Diese Cookies sammeln Informationen dar\u00fcber, wie Besucher unsere Website nutzen, z. B. welche Seiten besucht werden, wie lange die Nutzer auf der Website bleiben und ob Fehler auftreten. Wir verwenden diese Informationen, um die Struktur der Website, die Relevanz der Inhalte und die Gesamtleistung zu verbessern. Diese Cookies sammeln keine Informationen, mit denen einzelne Besucher direkt identifiziert werden k\u00f6nnen.<\/p>\n\n\n\n<p>Wir k\u00f6nnen Analysedienste von Drittanbietern wie Google Analytics nutzen, um den Datenverkehr und Nutzungstrends zu messen.<\/p>\n\n\n\n<h3 class=\"wp-block-heading\">Funktionale Cookies<\/h3>\n\n\n\n<p>Funktionale Cookies erm\u00f6glichen es der Website, sich an die von Ihnen getroffenen Entscheidungen zu erinnern, wie z. B. Sprachpr\u00e4ferenzen oder die Auswahl der Region, um eine pers\u00f6nlichere und einheitlichere Erfahrung zu bieten.<\/p>\n\n\n\n<h3 class=\"wp-block-heading\">Marketing und Cookies von Drittanbietern<\/h3>\n\n\n\n<p>In einigen F\u00e4llen k\u00f6nnen Cookies von Diensten Dritter gesetzt werden, die auf unseren Seiten erscheinen, einschlie\u00dflich eingebetteter Videos, Inhalte sozialer Medien oder externer Tools. Diese Drittanbieter k\u00f6nnen gem\u00e4\u00df ihren eigenen Datenschutzrichtlinien Daten \u00fcber Ihr Surfverhalten sammeln.<\/p>\n\n\n\n<p>Wir k\u00f6nnen Plattformen wie Facebook, LinkedIn und YouTube nutzen, um eingebettete Inhalte anzuzeigen oder Kommunikations- und Marketingaktivit\u00e4ten zu unterst\u00fctzen. Die Interaktion mit solchen Inhalten kann dazu f\u00fchren, dass von diesen Plattformen Cookies gesetzt werden.<\/p>\n\n\n\n<h2 class=\"wp-block-heading\">Wie Sie Cookies kontrollieren k\u00f6nnen<\/h2>\n\n\n\n<p>Sie k\u00f6nnen Cookies auf verschiedene Weise kontrollieren und verwalten:<\/p>\n\n\n\n<p>Sie k\u00f6nnen Ihre Cookie-Pr\u00e4ferenzen \u00fcber unser Cookie-Einwilligungsbanner oder die Einstellungsseite \u00e4ndern, sofern vorhanden. Sie k\u00f6nnen Ihren Browser auch so konfigurieren, dass er Cookies jederzeit blockiert oder l\u00f6scht. Die meisten Browser erm\u00f6glichen es Ihnen, \u00fcber ihre Einstellungen Cookies abzulehnen oder bestehende Cookies zu l\u00f6schen.<\/p>\n\n\n\n<p>Bitte beachten Sie, dass die Deaktivierung bestimmter Cookies die Funktionalit\u00e4t der Website beeintr\u00e4chtigen und den Zugang zu einigen Funktionen einschr\u00e4nken kann, z. B. zur \u00dcbermittlung von Formularen oder zu personalisierten Einstellungen.<\/p>\n\n\n\n<p>Weitere Informationen \u00fcber die Verwaltung von Cookies finden Sie auf den Hilfeseiten Ihres Browsers oder auf Websites wie <a>www.allaboutcookies.org<\/a>.<\/p>\n\n\n\n<h2 class=\"wp-block-heading\">Rechtsgrundlage f\u00fcr die Verarbeitung (GDPR)<\/h2>\n\n\n\n<p>F\u00fcr Nutzer, die sich im Europ\u00e4ischen Wirtschaftsraum (EWR) befinden, h\u00e4ngt die Rechtsgrundlage f\u00fcr die Verarbeitung personenbezogener Daten durch Cookies von der Kategorie der verwendeten Cookies ab. Notwendige Cookies werden auf der Grundlage des berechtigten Interesses an der Bereitstellung einer funktionalen Website verarbeitet. Leistungs-, Funktions- und Marketing-Cookies werden auf der Grundlage Ihrer Zustimmung verarbeitet, die Sie jederzeit \u00fcber die Cookie-Einstellungen oder die Browsersteuerung widerrufen k\u00f6nnen.<\/p>\n\n\n\n<h2 class=\"wp-block-heading\">Durch Cookies gesammelte Daten<\/h2>\n\n\n\n<p>Cookies k\u00f6nnen Informationen wie IP-Adresse (ggf. anonymisiert), Browsertyp, Betriebssystem, besuchte Seiten, Verweisquellen und Verweildauer auf der Website erfassen. Diese Daten werden nur f\u00fcr analytische und betriebliche Zwecke verwendet und werden ohne ausdr\u00fcckliche Zustimmung nicht zur direkten Identifizierung einzelner Nutzer f\u00fcr Marketingzwecke genutzt.<\/p>\n\n\n\n<h2 class=\"wp-block-heading\">Aktualisierungen dieser Cookie-Richtlinie<\/h2>\n\n\n\n<p>Wir behalten uns vor, diese Cookie-Richtlinie von Zeit zu Zeit zu aktualisieren, um \u00c4nderungen in der Technologie, den rechtlichen Anforderungen oder den Website-Praktiken Rechnung zu tragen. Alle Aktualisierungen werden auf dieser Seite mit einem \u00fcberarbeiteten \u201cZuletzt aktualisiert\u201d-Datum ver\u00f6ffentlicht.<\/p>\n\n\n\n<p>Wir empfehlen Ihnen, diese Seite regelm\u00e4\u00dfig zu besuchen, um sich \u00fcber die Verwendung von Cookies zu informieren.<\/p>\n\n\n\n<h2 class=\"wp-block-heading\">Kontaktinformationen<\/h2>\n\n\n\n<p>Wenn Sie Fragen zu dieser Cookie-Richtlinie oder unserer Verwendung von Cookies haben, kontaktieren Sie uns bitte \u00fcber unsere Website:<\/p>\n\n\n\n<p><a href=\"https:\/\/fullasmachine.com\/de\/\">https:\/\/fullasmachine.com<\/a><\/p>","protected":false},"excerpt":{"rendered":"<p>Last updated: January 2026 This Cookie Policy explains how Fullas (\u201cwe\u201d, \u201cus\u201d, or \u201cour\u201d) uses cookies and similar tracking technologies when you visit our website at https:\/\/fullasmachine.com. This policy should be read together with our Privacy Policy. By continuing to browse or use our website, and by accepting cookies through our cookie consent banner, you&#8230;<\/p>","protected":false},"author":1,"featured_media":0,"parent":0,"menu_order":0,"comment_status":"closed","ping_status":"closed","template":"","meta":{"_kad_blocks_custom_css":"","_kad_blocks_head_custom_js":"","_kad_blocks_body_custom_js":"","_kad_blocks_footer_custom_js":"","_kadence_starter_templates_imported_post":false,"_kad_post_transparent":"","_kad_post_title":"","_kad_post_layout":"","_kad_post_sidebar_id":"","_kad_post_content_style":"","_kad_post_vertical_padding":"","_kad_post_feature":"","_kad_post_feature_position":"","_kad_post_header":false,"_kad_post_footer":false,"_kad_post_classname":"","footnotes":""},"class_list":["post-1918","page","type-page","status-publish","hentry"],"taxonomy_info":[],"featured_image_src_large":false,"author_info":{"display_name":"FULLAS","author_link":"https:\/\/fullasmachine.com\/de\/author\/fullas\/"},"comment_info":0,"_links":{"self":[{"href":"https:\/\/fullasmachine.com\/de\/wp-json\/wp\/v2\/pages\/1918","targetHints":{"allow":["GET"]}}],"collection":[{"href":"https:\/\/fullasmachine.com\/de\/wp-json\/wp\/v2\/pages"}],"about":[{"href":"https:\/\/fullasmachine.com\/de\/wp-json\/wp\/v2\/types\/page"}],"author":[{"embeddable":true,"href":"https:\/\/fullasmachine.com\/de\/wp-json\/wp\/v2\/users\/1"}],"replies":[{"embeddable":true,"href":"https:\/\/fullasmachine.com\/de\/wp-json\/wp\/v2\/comments?post=1918"}],"version-history":[{"count":1,"href":"https:\/\/fullasmachine.com\/de\/wp-json\/wp\/v2\/pages\/1918\/revisions"}],"predecessor-version":[{"id":1919,"href":"https:\/\/fullasmachine.com\/de\/wp-json\/wp\/v2\/pages\/1918\/revisions\/1919"}],"wp:attachment":[{"href":"https:\/\/fullasmachine.com\/de\/wp-json\/wp\/v2\/media?parent=1918"}],"curies":[{"name":"wp","href":"https:\/\/api.w.org\/{rel}","templated":true}]}}